{"id":95,"date":"2025-10-21T08:16:42","date_gmt":"2025-10-21T06:16:42","guid":{"rendered":"https:\/\/syndyk-spila.pl\/?page_id=95"},"modified":"2025-10-21T08:16:42","modified_gmt":"2025-10-21T06:16:42","slug":"udzial-w-wysokosci-1-6-w-prawie-wlasnosci-nieruchomosci-zabudowanej-polozonej-w-rudzie-slaskiej-przy-ul-targowej","status":"publish","type":"page","link":"https:\/\/syndyk-spila.pl\/index.php\/udzial-w-wysokosci-1-6-w-prawie-wlasnosci-nieruchomosci-zabudowanej-polozonej-w-rudzie-slaskiej-przy-ul-targowej\/","title":{"rendered":"Udzia\u0142 w wysoko\u015bci 1\/6 w prawie w\u0142asno\u015bci nieruchomo\u015bci zabudowanej po\u0142o\u017conej w Rudzie \u015al\u0105skiej przy ul. Targowej"},"content":{"rendered":"\n<p>Syndyk Paw\u0142a Hajduka og\u0142asza przetarg pisemny na zbycie:<\/p>\n\n\n\n<p><strong>udzia\u0142u w wysoko\u015bci 1\/6 w prawie w\u0142asno\u015bci nieruchomo\u015bci zabudowanej 2 budynkami us\u0142ugowymi oraz 2 gara\u017cami po\u0142o\u017cnej w Rudzie \u015al\u0105skiej przy ul. Targowej, dla kt\u00f3rej S\u0105d Rejonowy w Rudzie \u015al\u0105skiej prowadzi ksi\u0119g\u0119 wieczyst\u0105 nr GL1S\/00056483\/4<\/strong><\/p>\n\n\n\n<p><strong>Cena wywo\u0142awcza wynosi:&nbsp;<\/strong>59 000,00 z\u0142 (s\u0142ownie: pi\u0119\u0107dziesi\u0105t dziewi\u0119\u0107 tysi\u0119cy z\u0142otych).<\/p>\n\n\n\n<p><strong>Adres do sk\u0142adania ofert:<\/strong>&nbsp;Biuro Syndyka ul. Porcelanowa 19, 40-246 Katowice (od 9.30 do 15.00).<\/p>\n\n\n\n<p><strong>Termin sk\u0142adania ofert:&nbsp;<\/strong>4 listopada 2025 r. do godz. 15:00.<\/p>\n\n\n\n<p><strong>Rozpoznanie ofert:&nbsp;<\/strong>Kancelaria Notarialna Ewa Ku\u017aniak ul. Jagiello\u0144ska 13, 40-032 Katowice, 6 listopada 2025 r. godz. 9:00.<\/p>\n\n\n\n<p><strong>Informacje o przetargu (w tym Regulamin Przetargu i Wz\u00f3r Oferty):<\/strong>&nbsp;strona internetowa:&nbsp;<a href=\"https:\/\/syndyk-spila.pl\/index.php\/przetargi\/\">https:\/\/syndyk-spila.pl\/index.php\/przetargi\/<\/a>&nbsp;Tel: 881&nbsp;575&nbsp;492.<\/p>\n\n\n\n<div data-wp-interactive=\"core\/file\" class=\"wp-block-file\"><object data-wp-bind--hidden=\"!state.hasPdfPreview\" hidden class=\"wp-block-file__embed\" data=\"https:\/\/syndyk-spila.pl\/wp-content\/uploads\/2025\/10\/Regulamin-Przetargu-sig-1.pdf\" type=\"application\/pdf\" style=\"width:100%;height:600px\" aria-label=\"Osadzone z Regulamin Przetargu-sig.\"><\/object><a id=\"wp-block-file--media-5d64da64-ab64-4e07-aea0-ba3398b1b2b5\" href=\"https:\/\/syndyk-spila.pl\/wp-content\/uploads\/2025\/10\/Regulamin-Przetargu-sig-1.pdf\">Regulamin Przetargu-sig<\/a><a href=\"https:\/\/syndyk-spila.pl\/wp-content\/uploads\/2025\/10\/Regulamin-Przetargu-sig-1.pdf\" class=\"wp-block-file__button wp-element-button\" download aria-describedby=\"wp-block-file--media-5d64da64-ab64-4e07-aea0-ba3398b1b2b5\">Pobierz<\/a><\/div>\n\n\n\n<div data-wp-interactive=\"core\/file\" class=\"wp-block-file\"><object data-wp-bind--hidden=\"!state.hasPdfPreview\" hidden class=\"wp-block-file__embed\" data=\"https:\/\/syndyk-spila.pl\/wp-content\/uploads\/2025\/10\/Wzor-oferty-1.pdf\" type=\"application\/pdf\" style=\"width:100%;height:600px\" aria-label=\"Osadzone z Wz\u00f3r oferty.\"><\/object><a id=\"wp-block-file--media-f289f6e7-16fd-4f03-baae-ba03a13934c7\" href=\"https:\/\/syndyk-spila.pl\/wp-content\/uploads\/2025\/10\/Wzor-oferty-1.pdf\">Wz\u00f3r oferty<\/a><a href=\"https:\/\/syndyk-spila.pl\/wp-content\/uploads\/2025\/10\/Wzor-oferty-1.pdf\" class=\"wp-block-file__button wp-element-button\" download aria-describedby=\"wp-block-file--media-f289f6e7-16fd-4f03-baae-ba03a13934c7\">Pobierz<\/a><\/div>\n\n\n\n<div data-wp-interactive=\"core\/file\" class=\"wp-block-file\"><object data-wp-bind--hidden=\"!state.hasPdfPreview\" hidden class=\"wp-block-file__embed\" data=\"https:\/\/syndyk-spila.pl\/wp-content\/uploads\/2025\/10\/zdjecia-nieruchomosci-1.pdf\" type=\"application\/pdf\" style=\"width:100%;height:600px\" aria-label=\"Osadzone z zdj\u0119cia nieruchomo\u015bci.\"><\/object><a id=\"wp-block-file--media-0846b45e-d6fa-4ba4-8f8c-3863c68c40b8\" href=\"https:\/\/syndyk-spila.pl\/wp-content\/uploads\/2025\/10\/zdjecia-nieruchomosci-1.pdf\">zdj\u0119cia nieruchomo\u015bci<\/a><a href=\"https:\/\/syndyk-spila.pl\/wp-content\/uploads\/2025\/10\/zdjecia-nieruchomosci-1.pdf\" class=\"wp-block-file__button wp-element-button\" download aria-describedby=\"wp-block-file--media-0846b45e-d6fa-4ba4-8f8c-3863c68c40b8\">Pobierz<\/a><\/div>\n\n\n\n<p><\/p>\n","protected":false},"excerpt":{"rendered":"<p>Syndyk Paw\u0142a Hajduka og\u0142asza przetarg pisemny na zbycie: udzia\u0142u w wysoko\u015bci 1\/6 w prawie w\u0142asno\u015bci nieruchomo\u015bci zabudowanej 2 budynkami us\u0142ugowymi oraz 2 gara\u017cami po\u0142o\u017cnej w Rudzie \u015al\u0105skiej przy ul. Targowej, dla kt\u00f3rej S\u0105d Rejonowy w Rudzie \u015al\u0105skiej prowadzi ksi\u0119g\u0119 wieczyst\u0105 nr GL1S\/00056483\/4 Cena wywo\u0142awcza wynosi:&nbsp;59 000,00 z\u0142 (s\u0142ownie: pi\u0119\u0107dziesi\u0105t dziewi\u0119\u0107 tysi\u0119cy z\u0142otych). Adres do sk\u0142adania ofert:&nbsp;Biuro Syndyka ul. Porcelanowa 19, [&hellip;]<\/p>\n","protected":false},"author":1,"featured_media":0,"parent":0,"menu_order":0,"comment_status":"closed","ping_status":"closed","template":"","meta":{"footnotes":""},"class_list":["post-95","page","type-page","status-publish","hentry"],"_links":{"self":[{"href":"https:\/\/syndyk-spila.pl\/index.php\/wp-json\/wp\/v2\/pages\/95","targetHints":{"allow":["GET"]}}],"collection":[{"href":"https:\/\/syndyk-spila.pl\/index.php\/wp-json\/wp\/v2\/pages"}],"about":[{"href":"https:\/\/syndyk-spila.pl\/index.php\/wp-json\/wp\/v2\/types\/page"}],"author":[{"embeddable":true,"href":"https:\/\/syndyk-spila.pl\/index.php\/wp-json\/wp\/v2\/users\/1"}],"replies":[{"embeddable":true,"href":"https:\/\/syndyk-spila.pl\/index.php\/wp-json\/wp\/v2\/comments?post=95"}],"version-history":[{"count":1,"href":"https:\/\/syndyk-spila.pl\/index.php\/wp-json\/wp\/v2\/pages\/95\/revisions"}],"predecessor-version":[{"id":99,"href":"https:\/\/syndyk-spila.pl\/index.php\/wp-json\/wp\/v2\/pages\/95\/revisions\/99"}],"wp:attachment":[{"href":"https:\/\/syndyk-spila.pl\/index.php\/wp-json\/wp\/v2\/media?parent=95"}],"curies":[{"name":"wp","href":"https:\/\/api.w.org\/{rel}","templated":true}]}}