{"id":7,"date":"2021-07-09T16:00:25","date_gmt":"2021-07-09T14:00:25","guid":{"rendered":"http:\/\/syndyk-spila.pl\/?page_id=7"},"modified":"2021-10-27T01:48:59","modified_gmt":"2021-10-26T23:48:59","slug":"informacje","status":"publish","type":"page","link":"https:\/\/syndyk-spila.pl\/index.php\/informacje\/","title":{"rendered":"Informacje"},"content":{"rendered":"\n<div class=\"wp-block-columns is-layout-flex wp-container-core-columns-is-layout-9d6595d7 wp-block-columns-is-layout-flex\">\n<div class=\"wp-block-column is-layout-flow wp-block-column-is-layout-flow\">\n<div class=\"wp-block-image\"><figure class=\"alignright size-full\"><img loading=\"lazy\" decoding=\"async\" width=\"408\" height=\"612\" src=\"http:\/\/syndyk-spila.pl\/wp-content\/uploads\/2021\/10\/245864329_101336609010083_6627080382979287516_n-4.jpg\" alt=\"\" class=\"wp-image-63\" srcset=\"https:\/\/syndyk-spila.pl\/wp-content\/uploads\/2021\/10\/245864329_101336609010083_6627080382979287516_n-4.jpg 408w, https:\/\/syndyk-spila.pl\/wp-content\/uploads\/2021\/10\/245864329_101336609010083_6627080382979287516_n-4-200x300.jpg 200w\" sizes=\"auto, (max-width: 408px) 100vw, 408px\" \/><\/figure><\/div>\n<\/div>\n\n\n\n<div class=\"wp-block-column is-layout-flow wp-block-column-is-layout-flow\">\n<p><\/p>\n\n\n\n<p><\/p>\n\n\n\n<p><strong>Pawe\u0142 \u0160pila<\/strong><\/p>\n\n\n\n<p>Radca prawny. Doradca restrukturyzacyjny. Absolwent Wydzia\u0142u Prawa i Administracji Uniwersytetu \u015al\u0105skiego w Katowicach.<\/p>\n\n\n\n<p>Studia prawnicze uko\u0144czy\u0142em w 2017 r. W latach 2018-2020 odbywa\u0142em aplikacj\u0119 radcowsk\u0105 przy Okr\u0119gowej Izbie Radc\u00f3w Prawnych w Katowicach. W 2021 r. zda\u0142em egzamin radcowski oraz uzyska\u0142em tytu\u0142 radcy prawnego.<\/p>\n\n\n\n<p>W 2020 roku zda\u0142em tak\u017ce egzamin organizowany przez Ministra Sprawiedliwo\u015bci egzamin dla os\u00f3b ubiegaj\u0105cych si\u0119 o licencj\u0119 doradcy restrukturyzacyjnego, a ponadto jestem tak\u017ce licencjonowanym doradc\u0105 restrukturyzacyjnym, a zarazem jedn\u0105 z najm\u0142odszych os\u00f3b w kraju, kt\u00f3re uzyska\u0142y tak\u0105 licencj\u0119.<\/p>\n\n\n\n<p>Posiadam wieloletnie do\u015bwiadczenie zawodowe. W kr\u0119gu moich szerokich zainteresowa\u0144 znajduje si\u0119 m.in. prawo upad\u0142o\u015bciowe i prawo restrukturyzacyjne. Uczestniczy\u0142em w post\u0119powaniach upad\u0142o\u015bciowych, w kt\u00f3rych warto\u015b\u0107 sk\u0142adnik\u00f3w maj\u0105tku wynosi\u0142a kilkadziesi\u0105t milion\u00f3w z\u0142otych. Wsp\u00f3\u0142pracowa\u0142em r\u00f3wnie\u017c z syndykami w zakresie prowadzenia upad\u0142o\u015bci konsumenckich. Specjalizuj\u0119 si\u0119 r\u00f3wnie\u017c w zakresie obs\u0142ugi du\u017cych podmiot\u00f3w gospodarczych, ze szczeg\u00f3lnym uwzgl\u0119dnieniem prawa cywilnego, handlowego oraz gospodarczego.&nbsp;<\/p>\n<\/div>\n<\/div>\n","protected":false},"excerpt":{"rendered":"<p>Pawe\u0142 \u0160pila Radca prawny. Doradca restrukturyzacyjny. Absolwent Wydzia\u0142u Prawa i Administracji Uniwersytetu \u015al\u0105skiego w Katowicach. Studia prawnicze uko\u0144czy\u0142em w 2017 r. W latach 2018-2020 odbywa\u0142em aplikacj\u0119 radcowsk\u0105 przy Okr\u0119gowej Izbie Radc\u00f3w Prawnych w Katowicach. W 2021 r. zda\u0142em egzamin radcowski oraz uzyska\u0142em tytu\u0142 radcy prawnego. W 2020 roku zda\u0142em tak\u017ce egzamin organizowany przez Ministra Sprawiedliwo\u015bci egzamin dla os\u00f3b ubiegaj\u0105cych si\u0119 [&hellip;]<\/p>\n","protected":false},"author":1,"featured_media":0,"parent":0,"menu_order":0,"comment_status":"closed","ping_status":"closed","template":"","meta":{"footnotes":""},"class_list":["post-7","page","type-page","status-publish","hentry"],"_links":{"self":[{"href":"https:\/\/syndyk-spila.pl\/index.php\/wp-json\/wp\/v2\/pages\/7","targetHints":{"allow":["GET"]}}],"collection":[{"href":"https:\/\/syndyk-spila.pl\/index.php\/wp-json\/wp\/v2\/pages"}],"about":[{"href":"https:\/\/syndyk-spila.pl\/index.php\/wp-json\/wp\/v2\/types\/page"}],"author":[{"embeddable":true,"href":"https:\/\/syndyk-spila.pl\/index.php\/wp-json\/wp\/v2\/users\/1"}],"replies":[{"embeddable":true,"href":"https:\/\/syndyk-spila.pl\/index.php\/wp-json\/wp\/v2\/comments?post=7"}],"version-history":[{"count":5,"href":"https:\/\/syndyk-spila.pl\/index.php\/wp-json\/wp\/v2\/pages\/7\/revisions"}],"predecessor-version":[{"id":66,"href":"https:\/\/syndyk-spila.pl\/index.php\/wp-json\/wp\/v2\/pages\/7\/revisions\/66"}],"wp:attachment":[{"href":"https:\/\/syndyk-spila.pl\/index.php\/wp-json\/wp\/v2\/media?parent=7"}],"curies":[{"name":"wp","href":"https:\/\/api.w.org\/{rel}","templated":true}]}}