{"id":26,"date":"2021-07-09T16:03:06","date_gmt":"2021-07-09T14:03:06","guid":{"rendered":"http:\/\/syndyk-spila.pl\/?page_id=26"},"modified":"2025-10-21T08:18:15","modified_gmt":"2025-10-21T06:18:15","slug":"przetargi","status":"publish","type":"page","link":"https:\/\/syndyk-spila.pl\/index.php\/przetargi\/","title":{"rendered":"Przetargi"},"content":{"rendered":"\n<p><\/p>\n\n\n\n<ol class=\"wp-block-list\">\n<li><a href=\"https:\/\/syndyk-spila.pl\/index.php\/udzial-w-wysokosci-1-6-w-prawie-wlasnosci-nieruchomosci-zabudowanej-polozonej-w-rudzie-slaskiej-przy-ul-targowej\/\">Udzia\u0142 w wysoko\u015bci 1\/6 w prawie w\u0142asno\u015bci nieruchomo\u015bci zabudowanej po\u0142o\u017conej w Rudzie \u015al\u0105skiej przy ul. Targowej<\/a><\/li>\n<\/ol>\n\n\n\n<p><\/p>\n","protected":false},"excerpt":{"rendered":"","protected":false},"author":1,"featured_media":0,"parent":0,"menu_order":0,"comment_status":"closed","ping_status":"closed","template":"","meta":{"footnotes":""},"class_list":["post-26","page","type-page","status-publish","hentry"],"_links":{"self":[{"href":"https:\/\/syndyk-spila.pl\/index.php\/wp-json\/wp\/v2\/pages\/26","targetHints":{"allow":["GET"]}}],"collection":[{"href":"https:\/\/syndyk-spila.pl\/index.php\/wp-json\/wp\/v2\/pages"}],"about":[{"href":"https:\/\/syndyk-spila.pl\/index.php\/wp-json\/wp\/v2\/types\/page"}],"author":[{"embeddable":true,"href":"https:\/\/syndyk-spila.pl\/index.php\/wp-json\/wp\/v2\/users\/1"}],"replies":[{"embeddable":true,"href":"https:\/\/syndyk-spila.pl\/index.php\/wp-json\/wp\/v2\/comments?post=26"}],"version-history":[{"count":7,"href":"https:\/\/syndyk-spila.pl\/index.php\/wp-json\/wp\/v2\/pages\/26\/revisions"}],"predecessor-version":[{"id":101,"href":"https:\/\/syndyk-spila.pl\/index.php\/wp-json\/wp\/v2\/pages\/26\/revisions\/101"}],"wp:attachment":[{"href":"https:\/\/syndyk-spila.pl\/index.php\/wp-json\/wp\/v2\/media?parent=26"}],"curies":[{"name":"wp","href":"https:\/\/api.w.org\/{rel}","templated":true}]}}